{"id":863,"date":"2019-05-07T17:08:29","date_gmt":"2019-05-07T17:08:29","guid":{"rendered":"http:\/\/storebrogjut.se\/?page_id=863"},"modified":"2020-07-04T20:19:55","modified_gmt":"2020-07-04T20:19:55","slug":"foretaget","status":"publish","type":"page","link":"https:\/\/storebrogjut.se\/en\/foretaget\/","title":{"rendered":"About us"},"content":{"rendered":"<div data-elementor-type=\"wp-page\" data-elementor-id=\"863\" class=\"elementor elementor-863\">\n\t\t\t\t\t\t<section class=\"elementor-section elementor-top-section elementor-element elementor-element-5d19f9ac elementor-section-boxed elementor-section-height-default elementor-section-height-default\" data-id=\"5d19f9ac\" data-element_type=\"section\" data-e-type=\"section\" data-settings=\"{&quot;shape_divider_top&quot;:&quot;opacity-tilt&quot;,&quot;background_background&quot;:&quot;classic&quot;}\">\n\t\t\t\t\t<div class=\"elementor-shape elementor-shape-top\" aria-hidden=\"true\" data-negative=\"false\">\n\t\t\t<svg xmlns=\"http:\/\/www.w3.org\/2000\/svg\" viewbox=\"0 0 2600 131.1\" preserveaspectratio=\"none\">\n\t<path class=\"elementor-shape-fill\" d=\"M0 0L2600 0 2600 69.1 0 0z\"\/>\n\t<path class=\"elementor-shape-fill\" style=\"opacity:0.5\" d=\"M0 0L2600 0 2600 69.1 0 69.1z\"\/>\n\t<path class=\"elementor-shape-fill\" style=\"opacity:0.25\" d=\"M2600 0L0 0 0 130.1 2600 69.1z\"\/>\n<\/svg>\t\t<\/div>\n\t\t\t\t\t<div class=\"elementor-container elementor-column-gap-no\">\n\t\t\t\t\t<div class=\"elementor-column elementor-col-100 elementor-top-column elementor-element elementor-element-3d1e3b0d\" data-id=\"3d1e3b0d\" data-element_type=\"column\" data-e-type=\"column\">\n\t\t\t<div class=\"elementor-widget-wrap elementor-element-populated\">\n\t\t\t\t\t\t<div class=\"elementor-element elementor-element-6cdaf16 elementor-widget elementor-widget-image\" data-id=\"6cdaf16\" data-element_type=\"widget\" data-e-type=\"widget\" data-widget_type=\"image.default\">\n\t\t\t\t<div class=\"elementor-widget-container\">\n\t\t\t\t\t\t\t\t\t\t\t\t\t\t\t<img decoding=\"async\" src=\"https:\/\/i0.wp.com\/storebrogjut.se\/wp-content\/uploads\/2019\/05\/Anno_slider1.jpg?fit=1100%2C252&#038;ssl=1\" title=\"Anno_slider1\" alt=\"Anno_slider1\" loading=\"lazy\" \/>\t\t\t\t\t\t\t\t\t\t\t\t\t\t\t<\/div>\n\t\t\t\t<\/div>\n\t\t\t\t<section class=\"elementor-section elementor-inner-section elementor-element elementor-element-2f0be510 elementor-section-boxed elementor-section-height-default elementor-section-height-default\" data-id=\"2f0be510\" data-element_type=\"section\" data-e-type=\"section\">\n\t\t\t\t\t\t<div class=\"elementor-container elementor-column-gap-wider\">\n\t\t\t\t\t<div class=\"elementor-column elementor-col-50 elementor-inner-column elementor-element elementor-element-4328172c\" data-id=\"4328172c\" data-element_type=\"column\" data-e-type=\"column\">\n\t\t\t<div class=\"elementor-widget-wrap elementor-element-populated\">\n\t\t\t\t\t\t<div class=\"elementor-element elementor-element-666d8ddb elementor-widget elementor-widget-heading\" data-id=\"666d8ddb\" data-element_type=\"widget\" data-e-type=\"widget\" data-widget_type=\"heading.default\">\n\t\t\t\t<div class=\"elementor-widget-container\">\n\t\t\t\t\t<h1 class=\"elementor-heading-title elementor-size-default\">About us<\/h1>\t\t\t\t<\/div>\n\t\t\t\t<\/div>\n\t\t\t\t<div class=\"elementor-element elementor-element-34bcfe8 elementor-widget elementor-widget-text-editor\" data-id=\"34bcfe8\" data-element_type=\"widget\" data-e-type=\"widget\" data-widget_type=\"text-editor.default\">\n\t\t\t\t<div class=\"elementor-widget-container\">\n\t\t\t\t\t\t\t\t\t<div class=\"wpb_column vc_column_container vc_col-sm-8\"><div class=\"vc_column-inner\"><div class=\"wpb_wrapper\"><div class=\"wpb_text_column wpb_content_element\"><div class=\"wpb_wrapper\"><p><strong>200 years\u2019 experience of casting<br \/><\/strong>Storebrogjuteriet is located in Storebro between Vimmerby and Hultsfred in Northeastern Sm\u00e5land. The foundry was started as far back as 1808, then primarily manufacturing household products in the form of cooking utensils, wood stoves, cast iron mortars and other items that were in demand in Swedish homes. 200 years of casting tradition has enabled us to develop the knowledge and refined manufacturing methods that make us one of the world\u2019s leading cast iron producers when it comes to technically complex castings. Even though we are continuously investing in new production techniques and advanced control methods, it is our skilled staff that are our greatest asset. An important part of our strength is the great flexibility that enables us to rapidly reset production in accordance with our customers\u2019 needs.<\/p><p>At the same time we are keen to have technical challenges and new commissions, and want to develop together with our customers. This also makes us an important collaborative partner for our customers.<\/p><p><strong>Our business concept<br \/><\/strong>Our business concept is to market and manufacture advanced machine-moulded iron goods for Swedish and foreign customers. Within the framework of a single organisation we supply knowledge, inventiveness, experience and technical equipment, which runs all the way from the idea stage via modelling and casting to delivering a completely finished article.<\/p><p>We call our concept \u201dAll from One\u201d.<\/p><p><strong>Storskogen<br \/><\/strong>Along with Roslagsgjuteriet, Storebrogjuteriet is part of Storskogen. Within the group we have assembled unique casting knowledge, extensive experience and modern technical equipment. This means that we can assist you with every conceivable casting in steel, iron, spheroidal graphite cast iron and white iron in both short and long runs. And in weights from 200 grams to 7,000 kg. Regardless of whether you order hand moulded or machine moulded components, you will appreciate our customised solutions, effective quality control and personal service.<\/p><\/div><\/div><\/div><\/div><\/div>\t\t\t\t\t\t\t\t<\/div>\n\t\t\t\t<\/div>\n\t\t\t\t\t<\/div>\n\t\t<\/div>\n\t\t\t\t<div class=\"elementor-column elementor-col-50 elementor-inner-column elementor-element elementor-element-67764360\" data-id=\"67764360\" data-element_type=\"column\" data-e-type=\"column\">\n\t\t\t<div class=\"elementor-widget-wrap elementor-element-populated\">\n\t\t\t\t\t\t<div class=\"elementor-element elementor-element-40c36167 elementor-hidden-tablet elementor-hidden-phone elementor-widget elementor-widget-spacer\" data-id=\"40c36167\" data-element_type=\"widget\" data-e-type=\"widget\" data-widget_type=\"spacer.default\">\n\t\t\t\t<div class=\"elementor-widget-container\">\n\t\t\t\t\t\t\t<div class=\"elementor-spacer\">\n\t\t\t<div class=\"elementor-spacer-inner\"><\/div>\n\t\t<\/div>\n\t\t\t\t\t\t<\/div>\n\t\t\t\t<\/div>\n\t\t\t\t<div class=\"elementor-element elementor-element-36d5e50 elementor-invisible elementor-widget elementor-widget-image\" data-id=\"36d5e50\" data-element_type=\"widget\" data-e-type=\"widget\" data-settings=\"{&quot;_animation&quot;:&quot;pulse&quot;}\" data-widget_type=\"image.default\">\n\t\t\t\t<div class=\"elementor-widget-container\">\n\t\t\t\t\t\t\t\t\t\t\t\t\t\t\t<img fetchpriority=\"high\" decoding=\"async\" width=\"290\" height=\"290\" src=\"https:\/\/i0.wp.com\/storebrogjut.se\/wp-content\/uploads\/2019\/05\/omoss1-290x290.png?fit=290%2C290&amp;ssl=1\" class=\"attachment-large size-large wp-image-870\" alt=\"\" srcset=\"https:\/\/i0.wp.com\/storebrogjut.se\/wp-content\/uploads\/2019\/05\/omoss1-290x290.png?resize=290%2C290&amp;ssl=1 290w, https:\/\/i0.wp.com\/storebrogjut.se\/wp-content\/uploads\/2019\/05\/omoss1-290x290.png?resize=150%2C150&amp;ssl=1 150w\" sizes=\"(max-width: 290px) 100vw, 290px\" \/>\t\t\t\t\t\t\t\t\t\t\t\t\t\t\t<\/div>\n\t\t\t\t<\/div>\n\t\t\t\t\t<\/div>\n\t\t<\/div>\n\t\t\t\t\t<\/div>\n\t\t<\/section>\n\t\t\t\t\t<\/div>\n\t\t<\/div>\n\t\t\t\t\t<\/div>\n\t\t<\/section>\n\t\t\t\t<\/div>","protected":false},"excerpt":{"rendered":"<p>F\u00f6retaget 200 \u00e5rs erfarenhet av gjutningStorebrogjuteriet ligger i Storebro mellan Vimmerby och Hultsfred i nord\u00f6stra Sm\u00e5land. Gjuteriet startades redan 1808 och d\u00e5 tillverkades framf\u00f6r allt hush\u00e5llsprodukter i form av kokk\u00e4rl, vedspisar, gjutj\u00e4rnsmortlar och annat som efterfr\u00e5gades i de svenska stugorna. Under 200 \u00e5rs gjuteritradition har vi utvecklat den kunskap, och de f\u00f6rfinade tillverkningsmetoder, som g\u00f6r&hellip;&nbsp;<a href=\"https:\/\/storebrogjut.se\/en\/foretaget\/\" rel=\"bookmark\">Read More &raquo;<span class=\"screen-reader-text\">About us<\/span><\/a><\/p>","protected":false},"author":1,"featured_media":0,"parent":0,"menu_order":0,"comment_status":"closed","ping_status":"closed","template":"elementor_header_footer","meta":{"_monsterinsights_skip_tracking":false,"_monsterinsights_sitenote_active":false,"_monsterinsights_sitenote_note":"","_monsterinsights_sitenote_category":0,"neve_meta_sidebar":"","neve_meta_container":"","neve_meta_enable_content_width":"","neve_meta_content_width":0,"neve_meta_title_alignment":"","neve_meta_author_avatar":"","neve_post_elements_order":"","neve_meta_disable_header":"","neve_meta_disable_footer":"","neve_meta_disable_title":"","footnotes":""},"class_list":["post-863","page","type-page","status-publish","hentry"],"aioseo_notices":[],"jetpack_sharing_enabled":true,"_links":{"self":[{"href":"https:\/\/storebrogjut.se\/en\/wp-json\/wp\/v2\/pages\/863","targetHints":{"allow":["GET"]}}],"collection":[{"href":"https:\/\/storebrogjut.se\/en\/wp-json\/wp\/v2\/pages"}],"about":[{"href":"https:\/\/storebrogjut.se\/en\/wp-json\/wp\/v2\/types\/page"}],"author":[{"embeddable":true,"href":"https:\/\/storebrogjut.se\/en\/wp-json\/wp\/v2\/users\/1"}],"replies":[{"embeddable":true,"href":"https:\/\/storebrogjut.se\/en\/wp-json\/wp\/v2\/comments?post=863"}],"version-history":[{"count":19,"href":"https:\/\/storebrogjut.se\/en\/wp-json\/wp\/v2\/pages\/863\/revisions"}],"predecessor-version":[{"id":1267,"href":"https:\/\/storebrogjut.se\/en\/wp-json\/wp\/v2\/pages\/863\/revisions\/1267"}],"wp:attachment":[{"href":"https:\/\/storebrogjut.se\/en\/wp-json\/wp\/v2\/media?parent=863"}],"curies":[{"name":"wp","href":"https:\/\/api.w.org\/{rel}","templated":true}]}}